{"id":12,"date":"2023-10-05T09:51:30","date_gmt":"2023-10-05T09:51:30","guid":{"rendered":"https:\/\/mainfrankenhonig.pingado.de\/?post_type=product&#038;p=12"},"modified":"2023-10-09T09:24:58","modified_gmt":"2023-10-09T09:24:58","slug":"buckfast-koeniginnen-instrumentell-besamt","status":"publish","type":"product","link":"https:\/\/mainfrankenhonig.pingado.de\/?product=buckfast-koeniginnen-instrumentell-besamt","title":{"rendered":"Buckfast K\u00f6niginnen instrumentell besamt"},"content":{"rendered":"<p>Instrumentell besamte K\u00f6nigin mit Abstammung. Sie werden farblich gezeichnet und mit einem Gesundheitszeugnis verschickt. Ein Fl\u00fcgelschnitt kann auf Wunsch erfolgen. Eine Abstammung der Mutter &amp; Vater wird mitgeschickt werden.<\/p>\n","protected":false},"excerpt":{"rendered":"<p>Instrumentell besamte K\u00f6nigin mit Abstammung. Sie werden farblich gezeichnet und mit einem Gesundheitszeugnis verschickt. Ein Fl\u00fcgelschnitt kann auf Wunsch erfolgen. Eine Abstammung der Mutter &amp; Vater wird mitgeschickt werden.<\/p>\n","protected":false},"featured_media":0,"comment_status":"open","ping_status":"closed","template":"","meta":[],"product_cat":[16],"product_tag":[],"_links":{"self":[{"href":"https:\/\/mainfrankenhonig.pingado.de\/index.php?rest_route=\/wp\/v2\/product\/12"}],"collection":[{"href":"https:\/\/mainfrankenhonig.pingado.de\/index.php?rest_route=\/wp\/v2\/product"}],"about":[{"href":"https:\/\/mainfrankenhonig.pingado.de\/index.php?rest_route=\/wp\/v2\/types\/product"}],"replies":[{"embeddable":true,"href":"https:\/\/mainfrankenhonig.pingado.de\/index.php?rest_route=%2Fwp%2Fv2%2Fcomments&post=12"}],"wp:attachment":[{"href":"https:\/\/mainfrankenhonig.pingado.de\/index.php?rest_route=%2Fwp%2Fv2%2Fmedia&parent=12"}],"wp:term":[{"taxonomy":"product_cat","embeddable":true,"href":"https:\/\/mainfrankenhonig.pingado.de\/index.php?rest_route=%2Fwp%2Fv2%2Fproduct_cat&post=12"},{"taxonomy":"product_tag","embeddable":true,"href":"https:\/\/mainfrankenhonig.pingado.de\/index.php?rest_route=%2Fwp%2Fv2%2Fproduct_tag&post=12"}],"curies":[{"name":"wp","href":"https:\/\/api.w.org\/{rel}","templated":true}]}}